{"id":866,"date":"2022-06-20T10:45:26","date_gmt":"2022-06-20T15:45:26","guid":{"rendered":"https:\/\/quick-quote-insurance.six.zysites.com\/about-us\/"},"modified":"2025-04-15T10:48:10","modified_gmt":"2025-04-15T15:48:10","slug":"about-us","status":"publish","type":"page","link":"https:\/\/www.quickquoteins.com\/es\/about-us\/","title":{"rendered":"Sobre nosotros"},"content":{"rendered":"<p><img decoding=\"async\" class=\"alignleft wp-image-833 lazyload\" data-src=\"http:\/\/quick-quote-insurance.six.zysites.com\/wp-content\/uploads\/sites\/27\/2025\/04\/20150807_165458.jpeg\" alt=\"\" width=\"281\" height=\"211\" src=\"data:image\/svg+xml;base64,PHN2ZyB3aWR0aD0iMSIgaGVpZ2h0PSIxIiB4bWxucz0iaHR0cDovL3d3dy53My5vcmcvMjAwMC9zdmciPjwvc3ZnPg==\" style=\"--smush-placeholder-width: 281px; --smush-placeholder-aspect-ratio: 281\/211;\" \/><\/p>\n<h3><strong>Angela Bianco, Presidenta<\/strong><\/h3>\n<p>Quick Quote Insurance es una empresa familiar, lo que significa que estamos ubicados en la comunidad y comprendemos los desaf\u00edos que enfrentan las familias y las peque\u00f1as empresas locales. Nos tomamos el tiempo para conocer a nuestros clientes personalmente, lo que nos permite brindarle la cobertura que necesita a un precio accesible. Nos caracterizamos por un excelente servicio al cliente, y la mayor\u00eda de nuestros clientes recomiendan nuestra agencia a sus familiares y amigos. \u00a1Nos encantar\u00eda tener la oportunidad de protegerlo a usted y a su familia tambi\u00e9n!<br \/>\nUsted trabaja duro por sus posesiones. Ll\u00e1menos hoy mismo para ver c\u00f3mo podemos ahorrarle dinero y ayudarle a proteger lo que m\u00e1s valora.<\/p>\n","protected":false},"excerpt":{"rendered":"<p>Angela Bianco, Presidenta Quick Quote Insurance es una empresa familiar, lo que significa que estamos ubicados en la comunidad y comprendemos los desaf\u00edos que enfrentan las familias y las peque\u00f1as empresas locales. Nos tomamos el tiempo para conocer a nuestros clientes personalmente, lo que nos permite brindarle la cobertura que necesita a un precio accesible. [&hellip;]<\/p>\n","protected":false},"author":69,"featured_media":0,"parent":0,"menu_order":0,"comment_status":"closed","ping_status":"closed","template":"","meta":{"_acf_changed":false,"_seopress_robots_primary_cat":"","_seopress_titles_title":"","_seopress_titles_desc":"","_seopress_robots_index":"","_analytify_skip_tracking":false,"footnotes":""},"class_list":["post-866","page","type-page","status-publish","hentry"],"acf":[],"_links":{"self":[{"href":"https:\/\/www.quickquoteins.com\/es\/wp-json\/wp\/v2\/pages\/866","targetHints":{"allow":["GET"]}}],"collection":[{"href":"https:\/\/www.quickquoteins.com\/es\/wp-json\/wp\/v2\/pages"}],"about":[{"href":"https:\/\/www.quickquoteins.com\/es\/wp-json\/wp\/v2\/types\/page"}],"author":[{"embeddable":true,"href":"https:\/\/www.quickquoteins.com\/es\/wp-json\/wp\/v2\/users\/69"}],"replies":[{"embeddable":true,"href":"https:\/\/www.quickquoteins.com\/es\/wp-json\/wp\/v2\/comments?post=866"}],"version-history":[{"count":0,"href":"https:\/\/www.quickquoteins.com\/es\/wp-json\/wp\/v2\/pages\/866\/revisions"}],"wp:attachment":[{"href":"https:\/\/www.quickquoteins.com\/es\/wp-json\/wp\/v2\/media?parent=866"}],"curies":[{"name":"wp","href":"https:\/\/api.w.org\/{rel}","templated":true}]}}